{"id":2805,"date":"2025-03-13T14:31:13","date_gmt":"2025-03-13T14:31:13","guid":{"rendered":"https:\/\/para-orchidee.com\/?product=huile-prodigieuse-100-ml"},"modified":"2025-03-13T23:39:33","modified_gmt":"2025-03-13T23:39:33","slug":"huile-prodigieuse-100-ml","status":"publish","type":"product","link":"https:\/\/para-orchidee.com\/?product=huile-prodigieuse-100-ml&lang=fr","title":{"rendered":"HUILE PRODIGIEUSE 100 ML"},"content":{"rendered":"<p>Succombez au cocktail mythique de 7 huiles pr\u00e9cieuses 100% v\u00e9g\u00e9tales de l&rsquo;Huile Prodigieuse\u00ae.<\/p>\n<p>En un seul geste, nourrissez, r\u00e9parez et sublimez la peau de votre visage, de votre corps et vos cheveux.<br \/>\nL&rsquo;Huile Prodigieuse\u00ae habille tous les types de peaux et toutes les carnations d\u2018un irr\u00e9sistible \u00e9clat satin\u00e9.<br \/>\nElle offre une action protectrice anti-pollution \u00e0 la peau, att\u00e9nue l&rsquo;apparence des vergetures, apporte une hydratation longue dur\u00e9e et renforce la fonction barri\u00e8re de la peau.<br \/>\nVos cheveux sont nourris, r\u00e9par\u00e9s et souples.<\/p>\n<p>Son efficacit\u00e9 est prouv\u00e9e : la peau est plus douce pour 100%\u207d\u00b9\u207e des femmes, nourrie et r\u00e9par\u00e9e pour 97%\u207d\u00b9\u207e d\u2018entre elles.<br \/>\nLe parfum addictif de soleil et de sable chaud de cette huile au toucher sec inimitable vous fait rayonner de sensualit\u00e9. Laissez-vous emporter par son sillage d\u00e9licat et enveloppant sur votre peau et vos cheveux.<br \/>\nPour cr\u00e9er son Huile Prodigieuse\u00ae, NUXE a s\u00e9lectionn\u00e9 7 huiles pr\u00e9cieuses 100% v\u00e9g\u00e9tales : Tsubaki, Argan, Macadamia, Bourrache, Cam\u00e9lia, Noisette, Amande douce. Un flacon d&rsquo;Huile Prodigieuse\u00ae contient 25% d&rsquo;Om\u00e9gas 3,6 &amp; 9<\/p>\n<p>\u207d\u00b9\u207eTest d\u2019usage &#8211; 29 volontaires. % de satisfaction apr\u00e8s 28 jours d\u2019utilisation.<\/p>\n","protected":false},"excerpt":{"rendered":"<p>L&rsquo;huile mythique de Nuxe revient avec un nouveau parfum ! Retrouvez l&rsquo;huile prodigieuse florale Nuxe, une huile s\u00e8che multi-fonctions convient \u00e0 tous les types de peaux et de cheveux.<\/p>\n","protected":false},"featured_media":2635,"comment_status":"open","ping_status":"closed","template":"","meta":{"om_disable_all_campaigns":false,"_monsterinsights_skip_tracking":false,"_monsterinsights_sitenote_active":false,"_monsterinsights_sitenote_note":"","_monsterinsights_sitenote_category":0},"product_brand":[],"product_cat":[255,16],"product_tag":[],"class_list":{"0":"post-2805","1":"product","2":"type-product","3":"status-publish","4":"has-post-thumbnail","6":"product_cat-nuxe","7":"product_cat-boutique","8":"thunk-woo-product-list","9":"opn-qv-enable","10":"big-store-woo-hover-zoom","11":"open-single-product-tab-horizontal","12":"open-shadow-","13":"open-shadow-hover-","15":"first","16":"instock","17":"sale","18":"taxable","19":"shipping-taxable","20":"purchasable","21":"product-type-simple"},"aioseo_notices":[],"_links":{"self":[{"href":"https:\/\/para-orchidee.com\/index.php?rest_route=\/wp\/v2\/product\/2805","targetHints":{"allow":["GET"]}}],"collection":[{"href":"https:\/\/para-orchidee.com\/index.php?rest_route=\/wp\/v2\/product"}],"about":[{"href":"https:\/\/para-orchidee.com\/index.php?rest_route=\/wp\/v2\/types\/product"}],"replies":[{"embeddable":true,"href":"https:\/\/para-orchidee.com\/index.php?rest_route=%2Fwp%2Fv2%2Fcomments&post=2805"}],"wp:featuredmedia":[{"embeddable":true,"href":"https:\/\/para-orchidee.com\/index.php?rest_route=\/wp\/v2\/media\/2635"}],"wp:attachment":[{"href":"https:\/\/para-orchidee.com\/index.php?rest_route=%2Fwp%2Fv2%2Fmedia&parent=2805"}],"wp:term":[{"taxonomy":"product_brand","embeddable":true,"href":"https:\/\/para-orchidee.com\/index.php?rest_route=%2Fwp%2Fv2%2Fproduct_brand&post=2805"},{"taxonomy":"product_cat","embeddable":true,"href":"https:\/\/para-orchidee.com\/index.php?rest_route=%2Fwp%2Fv2%2Fproduct_cat&post=2805"},{"taxonomy":"product_tag","embeddable":true,"href":"https:\/\/para-orchidee.com\/index.php?rest_route=%2Fwp%2Fv2%2Fproduct_tag&post=2805"}],"curies":[{"name":"wp","href":"https:\/\/api.w.org\/{rel}","templated":true}]}}