{"id":2821,"date":"2025-03-13T14:31:15","date_gmt":"2025-03-13T14:31:15","guid":{"rendered":"https:\/\/para-orchidee.com\/?product=reve-de-miel-gel-lavant-surgras-200-ml"},"modified":"2025-03-22T17:58:24","modified_gmt":"2025-03-22T17:58:24","slug":"reve-de-miel-gel-lavant-surgras-200-ml","status":"publish","type":"product","link":"https:\/\/para-orchidee.com\/?product=reve-de-miel-gel-lavant-surgras-200-ml&lang=fr","title":{"rendered":"REVE DE MIEL GEL LAVANT SURGRAS 200 ML"},"content":{"rendered":"<p>Offrez un nettoyage douceur \u00e0 votre peau avec ce gel au Miel et au Tournesol.<br \/>\nCe gel lavant visage et corps surgras prend soin quotidiennement des peaux s\u00e8ches et sensibles.<br \/>\nIl respecte le film hydrolipidique de votre peau et nettoie le visage comme le corps sans dess\u00e9cher.<br \/>\nSa mousse onctueuse et son parfum d\u00e9licieusement miell\u00e9 transforment votre douche en une v\u00e9ritable parenth\u00e8se cocooning qui r\u00e9conforte la peau et l&rsquo;esprit.<\/p>\n<p>CONSEILS D&rsquo;UTILISATION :<\/p>\n<p>Massez une noix de gel douche sur la peau de votre corps et\/ou votre visage pr\u00e9alablement mouill\u00e9s.<br \/>\nProfitez de sa texture fondante et de sa mousse d\u00e9licieuse, puis rincez.<br \/>\nEn cas de contact avec les yeux, rincez.<br \/>\nUtilisez-le matin et\/ou soir.<\/p>\n","protected":false},"excerpt":{"rendered":"<p>Enrichi au miel et au tournesol, le gel lavant surgras visage et corps R\u00eave de miel par Nuxe permet de nettoyer et d&rsquo;adoucir votre peau tout en apaisant les tiraillements.<\/p>\n","protected":false},"featured_media":2676,"comment_status":"open","ping_status":"closed","template":"","meta":{"om_disable_all_campaigns":false,"_monsterinsights_skip_tracking":false,"_monsterinsights_sitenote_active":false,"_monsterinsights_sitenote_note":"","_monsterinsights_sitenote_category":0},"product_brand":[],"product_cat":[255,16,19,22,18],"product_tag":[],"class_list":{"0":"post-2821","1":"product","2":"type-product","3":"status-publish","4":"has-post-thumbnail","6":"product_cat-nuxe","7":"product_cat-boutique","8":"product_cat-corps","9":"product_cat-soin-de-peau","10":"product_cat-visage","11":"thunk-woo-product-list","12":"opn-qv-enable","13":"big-store-woo-hover-zoom","14":"open-single-product-tab-horizontal","15":"open-shadow-","16":"open-shadow-hover-","18":"first","19":"instock","20":"sale","21":"taxable","22":"shipping-taxable","23":"purchasable","24":"product-type-simple"},"aioseo_notices":[],"_links":{"self":[{"href":"https:\/\/para-orchidee.com\/index.php?rest_route=\/wp\/v2\/product\/2821","targetHints":{"allow":["GET"]}}],"collection":[{"href":"https:\/\/para-orchidee.com\/index.php?rest_route=\/wp\/v2\/product"}],"about":[{"href":"https:\/\/para-orchidee.com\/index.php?rest_route=\/wp\/v2\/types\/product"}],"replies":[{"embeddable":true,"href":"https:\/\/para-orchidee.com\/index.php?rest_route=%2Fwp%2Fv2%2Fcomments&post=2821"}],"wp:featuredmedia":[{"embeddable":true,"href":"https:\/\/para-orchidee.com\/index.php?rest_route=\/wp\/v2\/media\/2676"}],"wp:attachment":[{"href":"https:\/\/para-orchidee.com\/index.php?rest_route=%2Fwp%2Fv2%2Fmedia&parent=2821"}],"wp:term":[{"taxonomy":"product_brand","embeddable":true,"href":"https:\/\/para-orchidee.com\/index.php?rest_route=%2Fwp%2Fv2%2Fproduct_brand&post=2821"},{"taxonomy":"product_cat","embeddable":true,"href":"https:\/\/para-orchidee.com\/index.php?rest_route=%2Fwp%2Fv2%2Fproduct_cat&post=2821"},{"taxonomy":"product_tag","embeddable":true,"href":"https:\/\/para-orchidee.com\/index.php?rest_route=%2Fwp%2Fv2%2Fproduct_tag&post=2821"}],"curies":[{"name":"wp","href":"https:\/\/api.w.org\/{rel}","templated":true}]}}