{"id":2822,"date":"2025-03-13T14:31:15","date_gmt":"2025-03-13T14:31:15","guid":{"rendered":"https:\/\/para-orchidee.com\/?product=very-rose-huile-delicate-demaquillante-150-ml"},"modified":"2025-03-22T17:12:18","modified_gmt":"2025-03-22T17:12:18","slug":"very-rose-huile-delicate-demaquillante-150-ml","status":"publish","type":"product","link":"https:\/\/para-orchidee.com\/?product=very-rose-huile-delicate-demaquillante-150-ml&lang=fr","title":{"rendered":"VERY ROSE HUILE DELICATE DEMAQUILLANTE 150 ML"},"content":{"rendered":"<p>\u00c9liminez le maquillage tenace et waterproof avec l&rsquo;Huile D\u00e9licate D\u00e9maquillante.<\/p>\n<p>Cette huile douce nettoie et d\u00e9maquille parfaitement le visage, les yeux et les l\u00e8vres. Formul\u00e9e pour tous les types de peaux, m\u00eame sensibles, sa formule d\u00e9licate r\u00e9v\u00e8le une peau irr\u00e9sistiblement douce, souple et confortable apr\u00e8s chaque utilisation.<\/p>\n<p>La peau est d\u00e9maquill\u00e9e et nettoy\u00e9e en douceur pour 100% des volontaires.\u207d\u00b9\u207e<br \/>\nLe maquillage tenace, waterproof est \u00e9limin\u00e9 pour 95%.\u207d\u00b9\u207e<br \/>\nLa peau est souple et confortable pour 95% des volontaires.\u207d\u00b9\u207e<\/p>\n<p>Infus\u00e9e d&rsquo;un extrait huileux de rose, elle est compos\u00e9e de 99% d&rsquo;ingr\u00e9dients d&rsquo;origine naturelle. Sa texture soyeuse, sans parfum, se rince facilement et ne laisse aucun film gras sur la peau ni de voile transparent devant les yeux pour une v\u00e9ritable sensation d&rsquo;apaisement.<\/p>\n<p>\u207d\u00b9\u207e Test d\u2019usage &#8211; 20 volontaires. % de satisfaction imm\u00e9diat.<\/p>\n","protected":false},"excerpt":{"rendered":"<p>Nuxe Very Rose Huile D\u00e9licate D\u00e9maquillante est votre solution la plus efficace pour \u00e9liminer le maquillage<\/p>\n","protected":false},"featured_media":2712,"comment_status":"open","ping_status":"closed","template":"","meta":{"om_disable_all_campaigns":false,"_monsterinsights_skip_tracking":false,"_monsterinsights_sitenote_active":false,"_monsterinsights_sitenote_note":"","_monsterinsights_sitenote_category":0},"product_brand":[],"product_cat":[255,16,18],"product_tag":[],"class_list":{"0":"post-2822","1":"product","2":"type-product","3":"status-publish","4":"has-post-thumbnail","6":"product_cat-nuxe","7":"product_cat-boutique","8":"product_cat-visage","9":"thunk-woo-product-list","10":"opn-qv-enable","11":"big-store-woo-hover-zoom","12":"open-single-product-tab-horizontal","13":"open-shadow-","14":"open-shadow-hover-","16":"first","17":"instock","18":"sale","19":"taxable","20":"shipping-taxable","21":"purchasable","22":"product-type-simple"},"aioseo_notices":[],"_links":{"self":[{"href":"https:\/\/para-orchidee.com\/index.php?rest_route=\/wp\/v2\/product\/2822","targetHints":{"allow":["GET"]}}],"collection":[{"href":"https:\/\/para-orchidee.com\/index.php?rest_route=\/wp\/v2\/product"}],"about":[{"href":"https:\/\/para-orchidee.com\/index.php?rest_route=\/wp\/v2\/types\/product"}],"replies":[{"embeddable":true,"href":"https:\/\/para-orchidee.com\/index.php?rest_route=%2Fwp%2Fv2%2Fcomments&post=2822"}],"wp:featuredmedia":[{"embeddable":true,"href":"https:\/\/para-orchidee.com\/index.php?rest_route=\/wp\/v2\/media\/2712"}],"wp:attachment":[{"href":"https:\/\/para-orchidee.com\/index.php?rest_route=%2Fwp%2Fv2%2Fmedia&parent=2822"}],"wp:term":[{"taxonomy":"product_brand","embeddable":true,"href":"https:\/\/para-orchidee.com\/index.php?rest_route=%2Fwp%2Fv2%2Fproduct_brand&post=2822"},{"taxonomy":"product_cat","embeddable":true,"href":"https:\/\/para-orchidee.com\/index.php?rest_route=%2Fwp%2Fv2%2Fproduct_cat&post=2822"},{"taxonomy":"product_tag","embeddable":true,"href":"https:\/\/para-orchidee.com\/index.php?rest_route=%2Fwp%2Fv2%2Fproduct_tag&post=2822"}],"curies":[{"name":"wp","href":"https:\/\/api.w.org\/{rel}","templated":true}]}}