{"id":2824,"date":"2025-03-13T14:31:16","date_gmt":"2025-03-13T14:31:16","guid":{"rendered":"https:\/\/para-orchidee.com\/?product=nuxuriance-gold-creme-huile-50ml"},"modified":"2025-03-22T05:37:43","modified_gmt":"2025-03-22T05:37:43","slug":"nuxuriance-gold-creme-huile-50ml","status":"publish","type":"product","link":"https:\/\/para-orchidee.com\/?product=nuxuriance-gold-creme-huile-50ml&lang=fr","title":{"rendered":"Nuxuriance Gold Cr\u00e8me-Huile 50ML"},"content":{"rendered":"<p>Cette Cr\u00e8me-Huile Nutri-Fortifiante associe le pouvoir des Cellules Bi-Florales\u00ae de Safran et Bougainvillier, l&rsquo;Ol\u00e9actif\u00ae de Rose de Porcelaine et un complexe d&rsquo;origine naturelle nutri-reconstituant pour un pouvoir anti-\u00e2ge absolu.<\/p>\n<p>Jour apr\u00e8s jour, la peau se fortifie et devient plus ferme. Les rides sont liss\u00e9es, la peau intens\u00e9ment repulp\u00e9e.<\/p>\n<p>Conseils d&rsquo;utilisation :<\/p>\n<p>Appliquer le matin sur le visage, le cou et le d\u00e9collet\u00e9, apr\u00e8s le S\u00e9rum Nutri-Revitalisant.<\/p>\n<p>1- Pr\u00e9levez la Cr\u00e8me-Huile du bout des doigts et r\u00e9chauffez l\u00e9g\u00e8rement la texture entre vos mains.<\/p>\n<p>2- Appliquez la ensuite sur le visage, le cou et le d\u00e9collet\u00e9 par mouvements de lissage d\u00e9licats de bas en haut.<\/p>\n","protected":false},"excerpt":{"rendered":"<p>Cr\u00e8me anti-\u00e2ge ultime \u2013 Redensifie, nourrit intens\u00e9ment et ravive l\u2019\u00e9clat des peaux s\u00e8ches fragilis\u00e9es par les effets de l\u2019\u00e2ge.<br \/>\nConditionnement : Pot de 50 ml.<\/p>\n","protected":false},"featured_media":2656,"comment_status":"open","ping_status":"closed","template":"","meta":{"om_disable_all_campaigns":false,"_monsterinsights_skip_tracking":false,"_monsterinsights_sitenote_active":false,"_monsterinsights_sitenote_note":"","_monsterinsights_sitenote_category":0},"product_brand":[],"product_cat":[255,16,18],"product_tag":[],"class_list":{"0":"post-2824","1":"product","2":"type-product","3":"status-publish","4":"has-post-thumbnail","6":"product_cat-nuxe","7":"product_cat-boutique","8":"product_cat-visage","9":"thunk-woo-product-list","10":"opn-qv-enable","11":"big-store-woo-hover-zoom","12":"open-single-product-tab-horizontal","13":"open-shadow-","14":"open-shadow-hover-","16":"first","17":"instock","18":"sale","19":"taxable","20":"shipping-taxable","21":"purchasable","22":"product-type-simple"},"aioseo_notices":[],"_links":{"self":[{"href":"https:\/\/para-orchidee.com\/index.php?rest_route=\/wp\/v2\/product\/2824","targetHints":{"allow":["GET"]}}],"collection":[{"href":"https:\/\/para-orchidee.com\/index.php?rest_route=\/wp\/v2\/product"}],"about":[{"href":"https:\/\/para-orchidee.com\/index.php?rest_route=\/wp\/v2\/types\/product"}],"replies":[{"embeddable":true,"href":"https:\/\/para-orchidee.com\/index.php?rest_route=%2Fwp%2Fv2%2Fcomments&post=2824"}],"wp:featuredmedia":[{"embeddable":true,"href":"https:\/\/para-orchidee.com\/index.php?rest_route=\/wp\/v2\/media\/2656"}],"wp:attachment":[{"href":"https:\/\/para-orchidee.com\/index.php?rest_route=%2Fwp%2Fv2%2Fmedia&parent=2824"}],"wp:term":[{"taxonomy":"product_brand","embeddable":true,"href":"https:\/\/para-orchidee.com\/index.php?rest_route=%2Fwp%2Fv2%2Fproduct_brand&post=2824"},{"taxonomy":"product_cat","embeddable":true,"href":"https:\/\/para-orchidee.com\/index.php?rest_route=%2Fwp%2Fv2%2Fproduct_cat&post=2824"},{"taxonomy":"product_tag","embeddable":true,"href":"https:\/\/para-orchidee.com\/index.php?rest_route=%2Fwp%2Fv2%2Fproduct_tag&post=2824"}],"curies":[{"name":"wp","href":"https:\/\/api.w.org\/{rel}","templated":true}]}}