{"id":2826,"date":"2025-03-13T14:31:16","date_gmt":"2025-03-13T14:31:16","guid":{"rendered":"https:\/\/para-orchidee.com\/?product=creme-prodigieuse-boost-concentre-preparateur-energisant-100-ml"},"modified":"2025-03-13T23:40:07","modified_gmt":"2025-03-13T23:40:07","slug":"creme-prodigieuse-boost-concentre-preparateur-energisant-100-ml","status":"publish","type":"product","link":"https:\/\/para-orchidee.com\/?product=creme-prodigieuse-boost-concentre-preparateur-energisant-100-ml&lang=fr","title":{"rendered":"CR\u00c8ME PRODIGIEUSE BOOST, CONCENTRE PREPARATEUR ENERGISANT 100 ML"},"content":{"rendered":"<p>Cette nouvelle g\u00e9n\u00e9ration de soin liquide, inspir\u00e9e de la cosm\u00e9tique cor\u00e9enne, associe le pouvoir anti-oxydant d&rsquo;un extrait de fleur de Jasmin \u00e0 l&rsquo;Acide hyaluronique et la Vitamine C.<br \/>\nD\u00e8s la 1\u00e8re application, la peau est vivifi\u00e9e, le teint est frais. Jour apr\u00e8s jour, la peau est repulp\u00e9e et le grain de peau affin\u00e9. L&rsquo;hydratation et la luminosit\u00e9 du teint sont boost\u00e9es. Pleine d&rsquo;\u00e9nergie, la peau est pr\u00eate \u00e0 profiter pleinement des b\u00e9n\u00e9fices des prochains soins.<\/p>\n<p>Conseils d&rsquo;utilisation :<\/p>\n<p>Appliquer matin et\/ ou soir par l\u00e9gers tapotements sur visage, cou et d\u00e9collet\u00e9.<\/p>\n","protected":false},"excerpt":{"rendered":"<p>Associe l\u2019action antioxydante de l&rsquo;extrait de fleur de jasmin \u00e0 l\u2019acide hyaluronique et \u00e0 la vitamine C pour une peau prot\u00e9g\u00e9e et \u00e9clatante.<\/p>\n","protected":false},"featured_media":2625,"comment_status":"open","ping_status":"closed","template":"","meta":{"om_disable_all_campaigns":false,"_monsterinsights_skip_tracking":false,"_monsterinsights_sitenote_active":false,"_monsterinsights_sitenote_note":"","_monsterinsights_sitenote_category":0},"product_brand":[],"product_cat":[255,16],"product_tag":[],"class_list":{"0":"post-2826","1":"product","2":"type-product","3":"status-publish","4":"has-post-thumbnail","6":"product_cat-nuxe","7":"product_cat-boutique","8":"thunk-woo-product-list","9":"opn-qv-enable","10":"big-store-woo-hover-zoom","11":"open-single-product-tab-horizontal","12":"open-shadow-","13":"open-shadow-hover-","15":"first","16":"instock","17":"sale","18":"taxable","19":"shipping-taxable","20":"purchasable","21":"product-type-simple"},"aioseo_notices":[],"_links":{"self":[{"href":"https:\/\/para-orchidee.com\/index.php?rest_route=\/wp\/v2\/product\/2826","targetHints":{"allow":["GET"]}}],"collection":[{"href":"https:\/\/para-orchidee.com\/index.php?rest_route=\/wp\/v2\/product"}],"about":[{"href":"https:\/\/para-orchidee.com\/index.php?rest_route=\/wp\/v2\/types\/product"}],"replies":[{"embeddable":true,"href":"https:\/\/para-orchidee.com\/index.php?rest_route=%2Fwp%2Fv2%2Fcomments&post=2826"}],"wp:featuredmedia":[{"embeddable":true,"href":"https:\/\/para-orchidee.com\/index.php?rest_route=\/wp\/v2\/media\/2625"}],"wp:attachment":[{"href":"https:\/\/para-orchidee.com\/index.php?rest_route=%2Fwp%2Fv2%2Fmedia&parent=2826"}],"wp:term":[{"taxonomy":"product_brand","embeddable":true,"href":"https:\/\/para-orchidee.com\/index.php?rest_route=%2Fwp%2Fv2%2Fproduct_brand&post=2826"},{"taxonomy":"product_cat","embeddable":true,"href":"https:\/\/para-orchidee.com\/index.php?rest_route=%2Fwp%2Fv2%2Fproduct_cat&post=2826"},{"taxonomy":"product_tag","embeddable":true,"href":"https:\/\/para-orchidee.com\/index.php?rest_route=%2Fwp%2Fv2%2Fproduct_tag&post=2826"}],"curies":[{"name":"wp","href":"https:\/\/api.w.org\/{rel}","templated":true}]}}