{"id":763,"date":"2024-02-11T22:10:47","date_gmt":"2024-02-11T22:10:47","guid":{"rendered":"https:\/\/xn--Para-orchide-leb.com\/?post_type=product&#038;p=763"},"modified":"2024-02-25T00:48:21","modified_gmt":"2024-02-25T00:48:21","slug":"novafix-creme-adhesive-renforcee-pour-appareils-dentaires-40g","status":"publish","type":"product","link":"https:\/\/para-orchidee.com\/?product=novafix-creme-adhesive-renforcee-pour-appareils-dentaires-40g&lang=fr","title":{"rendered":"NOVAFIX CR\u00c8ME ADH\u00c9SIVE RENFORC\u00c9E POUR APPAREILS DENTAIRES (40G)"},"content":{"rendered":"<p><strong>COMPOSITION :<\/strong><\/p>\n<p>un copolym\u00e8re vinylique de 30% Carboxym\u00e9thylcellulose 23%<\/p>\n<p><strong>CONSEILS D&rsquo;UTILISATION :<\/strong><\/p>\n<p>Avant application,<\/p>\n<ul>\n<li>les dents doivent \u00eatre propres.<\/li>\n<li>Appliquez de petites bandes Novafix sur les dents.<\/li>\n<li>La quantit\u00e9 exacte n\u00e9cessaire varie en fonction de chaque dent.<\/li>\n<li>Essayez d&rsquo;abord avec une petite quantit\u00e9 et augmentez si n\u00e9cessaire lors des applications ult\u00e9rieures pour obtenir un ajustement parfait et confortable.<\/li>\n<li>Placez la proth\u00e8se dans sa position naturelle et appuyez fermement.<\/li>\n<li>Bien refermer le tube apr\u00e8s chaque application.<\/li>\n<li>Si la bouche est s\u00e8che, appliquez la cr\u00e8me sur la proth\u00e8se adh\u00e9sive humide et sur la bouche imm\u00e9diatement avant la mise en place.<\/li>\n<\/ul>\n<p>ALLERGIE AU LATEX : Ne contient pas de latex.<\/p>\n","protected":false},"excerpt":{"rendered":"<p>Avec cette cr\u00e8me adh\u00e9sive Novafix extra forte, votre proth\u00e8se dentaire vous garantit une excellente tenue et un maintien optimal.<\/p>\n","protected":false},"featured_media":667,"comment_status":"open","ping_status":"closed","template":"","meta":{"om_disable_all_campaigns":false,"_monsterinsights_skip_tracking":false,"_monsterinsights_sitenote_active":false,"_monsterinsights_sitenote_note":"","_monsterinsights_sitenote_category":0},"product_brand":[],"product_cat":[16,139],"product_tag":[],"class_list":{"0":"post-763","1":"product","2":"type-product","3":"status-publish","4":"has-post-thumbnail","6":"product_cat-boutique","7":"product_cat-soin-buccale","8":"thunk-woo-product-list","9":"opn-qv-enable","10":"big-store-woo-hover-zoom","11":"open-single-product-tab-horizontal","12":"open-shadow-","13":"open-shadow-hover-","15":"first","16":"instock","17":"taxable","18":"shipping-taxable","19":"purchasable","20":"product-type-simple"},"aioseo_notices":[],"_links":{"self":[{"href":"https:\/\/para-orchidee.com\/index.php?rest_route=\/wp\/v2\/product\/763","targetHints":{"allow":["GET"]}}],"collection":[{"href":"https:\/\/para-orchidee.com\/index.php?rest_route=\/wp\/v2\/product"}],"about":[{"href":"https:\/\/para-orchidee.com\/index.php?rest_route=\/wp\/v2\/types\/product"}],"replies":[{"embeddable":true,"href":"https:\/\/para-orchidee.com\/index.php?rest_route=%2Fwp%2Fv2%2Fcomments&post=763"}],"wp:featuredmedia":[{"embeddable":true,"href":"https:\/\/para-orchidee.com\/index.php?rest_route=\/wp\/v2\/media\/667"}],"wp:attachment":[{"href":"https:\/\/para-orchidee.com\/index.php?rest_route=%2Fwp%2Fv2%2Fmedia&parent=763"}],"wp:term":[{"taxonomy":"product_brand","embeddable":true,"href":"https:\/\/para-orchidee.com\/index.php?rest_route=%2Fwp%2Fv2%2Fproduct_brand&post=763"},{"taxonomy":"product_cat","embeddable":true,"href":"https:\/\/para-orchidee.com\/index.php?rest_route=%2Fwp%2Fv2%2Fproduct_cat&post=763"},{"taxonomy":"product_tag","embeddable":true,"href":"https:\/\/para-orchidee.com\/index.php?rest_route=%2Fwp%2Fv2%2Fproduct_tag&post=763"}],"curies":[{"name":"wp","href":"https:\/\/api.w.org\/{rel}","templated":true}]}}