{"id":788,"date":"2024-02-09T22:13:33","date_gmt":"2024-02-09T22:13:33","guid":{"rendered":"https:\/\/xn--Para-orchide-leb.com\/?post_type=product&#038;p=788"},"modified":"2024-02-21T14:01:52","modified_gmt":"2024-02-21T14:01:52","slug":"addax-cica-b5-emulsion-reparatrice-visage-et-corps-50-ml","status":"publish","type":"product","link":"https:\/\/para-orchidee.com\/?product=addax-cica-b5-emulsion-reparatrice-visage-et-corps-50-ml&lang=fr","title":{"rendered":"ADDAX CICA B5 Emulsion R\u00e9paratrice Visage et Corps 50 ml"},"content":{"rendered":"<p>Addax \u00c9mulsion R\u00e9paratrice Peaux-Visage et Corps Ab\u00eem\u00e9es.<\/p>\n<p>Addax \u00e9mulsion r\u00e9paratrice peaux ab\u00eem\u00e9es, adapt\u00e9e au visage et au corps, est un soin indispensable pour restaurer et revitaliser votre peau. Cette \u00e9mulsion l\u00e9g\u00e8re et non grasse est sp\u00e9cialement formul\u00e9e pour aider \u00e0 r\u00e9parer les dommages cutan\u00e9s caus\u00e9s par divers facteurs tels que les agressions ext\u00e9rieures, le soleil, les irritations ou la s\u00e9cheresse excessive.<\/p>\n<p>Enrichie d&rsquo;ingr\u00e9dients hydratants et apaisants, tels que l&rsquo;allanto\u00efne et la vitamine E, cette \u00e9mulsion p\u00e9n\u00e8tre rapidement dans la peau, procurant une hydratation en profondeur tout en r\u00e9parant les zones endommag\u00e9es. Il aide \u00e0 r\u00e9duire les rougeurs, les irritations et les sensations d&rsquo;inconfort, laissant votre peau douce, souple et plus r\u00e9sistante.<\/p>\n<p>Utilis\u00e9e quotidiennement, l&rsquo;\u00e9mulsion r\u00e9paratrice Addax favorise la r\u00e9g\u00e9n\u00e9ration cellulaire, am\u00e9liore l&rsquo;\u00e9lasticit\u00e9 de la peau et aide \u00e0 pr\u00e9venir le vieillissement pr\u00e9matur\u00e9. Que ce soit pour apaiser les peaux irrit\u00e9es ou simplement pour maintenir une peau saine et \u00e9clatante, cette \u00e9mulsion est un incontournable de votre routine de soin. Il convient \u00e0 tous les types de peaux, m\u00eame les plus sensibles, et laisse un fini doux et soyeux apr\u00e8s chaque utilisation. Donnez \u00e0 votre peau le soin qu&rsquo;elle m\u00e9rite avec l&rsquo;\u00e9mulsion r\u00e9paratrice Addax.<\/p>\n","protected":false},"excerpt":{"rendered":"<p>Addax Emulsion R\u00e9paratrice est une solution douce et apaisante pour le visage et le corps, id\u00e9ale pour les peaux ab\u00eem\u00e9es.<\/p>\n<p>Il hydrate en profondeur, apaise les irritations et favorise la r\u00e9g\u00e9n\u00e9ration de la peau, la laissant souple et r\u00e9par\u00e9e. Un soin indispensable pour une peau revitalis\u00e9e.<\/p>\n","protected":false},"featured_media":634,"comment_status":"open","ping_status":"closed","template":"","meta":{"om_disable_all_campaigns":false,"_monsterinsights_skip_tracking":false,"_monsterinsights_sitenote_active":false,"_monsterinsights_sitenote_note":"","_monsterinsights_sitenote_category":0},"product_brand":[],"product_cat":[16,19,22,18],"product_tag":[],"class_list":{"0":"post-788","1":"product","2":"type-product","3":"status-publish","4":"has-post-thumbnail","6":"product_cat-boutique","7":"product_cat-corps","8":"product_cat-soin-de-peau","9":"product_cat-visage","10":"thunk-woo-product-list","11":"opn-qv-enable","12":"big-store-woo-hover-zoom","13":"open-single-product-tab-horizontal","14":"open-shadow-","15":"open-shadow-hover-","17":"first","18":"instock","19":"taxable","20":"shipping-taxable","21":"purchasable","22":"product-type-simple"},"aioseo_notices":[],"_links":{"self":[{"href":"https:\/\/para-orchidee.com\/index.php?rest_route=\/wp\/v2\/product\/788","targetHints":{"allow":["GET"]}}],"collection":[{"href":"https:\/\/para-orchidee.com\/index.php?rest_route=\/wp\/v2\/product"}],"about":[{"href":"https:\/\/para-orchidee.com\/index.php?rest_route=\/wp\/v2\/types\/product"}],"replies":[{"embeddable":true,"href":"https:\/\/para-orchidee.com\/index.php?rest_route=%2Fwp%2Fv2%2Fcomments&post=788"}],"wp:featuredmedia":[{"embeddable":true,"href":"https:\/\/para-orchidee.com\/index.php?rest_route=\/wp\/v2\/media\/634"}],"wp:attachment":[{"href":"https:\/\/para-orchidee.com\/index.php?rest_route=%2Fwp%2Fv2%2Fmedia&parent=788"}],"wp:term":[{"taxonomy":"product_brand","embeddable":true,"href":"https:\/\/para-orchidee.com\/index.php?rest_route=%2Fwp%2Fv2%2Fproduct_brand&post=788"},{"taxonomy":"product_cat","embeddable":true,"href":"https:\/\/para-orchidee.com\/index.php?rest_route=%2Fwp%2Fv2%2Fproduct_cat&post=788"},{"taxonomy":"product_tag","embeddable":true,"href":"https:\/\/para-orchidee.com\/index.php?rest_route=%2Fwp%2Fv2%2Fproduct_tag&post=788"}],"curies":[{"name":"wp","href":"https:\/\/api.w.org\/{rel}","templated":true}]}}