{"id":800,"date":"2024-02-08T21:39:41","date_gmt":"2024-02-08T21:39:41","guid":{"rendered":"https:\/\/xn--Para-orchide-leb.com\/?post_type=product&#038;p=800"},"modified":"2024-02-21T13:54:46","modified_gmt":"2024-02-21T13:54:46","slug":"nutrimax-spiruline-bio-120-comprimes","status":"publish","type":"product","link":"https:\/\/para-orchidee.com\/?product=nutrimax-spiruline-bio-120-comprimes&lang=fr","title":{"rendered":"Nutrimax Spiruline Bio 120 comprim\u00e9s"},"content":{"rendered":"<p>Spiruline bio Nutrimax 120 comprim\u00e9s.<\/p>\n<p>La spiruline aide \u00e0 maintenir l&rsquo;\u00e9nergie, le tonus et \u00e0 maintenir la vitalit\u00e9. Elle contribue \u00e0 renforcer les d\u00e9fenses naturelles et \u00e0 favoriser la r\u00e9sistance de l\u2019organisme.<\/p>\n","protected":false},"excerpt":{"rendered":"<p>La spiruline aide \u00e0 maintenir l&rsquo;\u00e9nergie, le tonus et \u00e0 maintenir la vitalit\u00e9. Elle contribue \u00e0 renforcer les d\u00e9fenses naturelles et \u00e0 favoriser la r\u00e9sistance de l\u2019organisme.<\/p>\n","protected":false},"featured_media":620,"comment_status":"open","ping_status":"closed","template":"","meta":{"om_disable_all_campaigns":false,"_monsterinsights_skip_tracking":false,"_monsterinsights_sitenote_active":false,"_monsterinsights_sitenote_note":"","_monsterinsights_sitenote_category":0},"product_brand":[],"product_cat":[16],"product_tag":[],"class_list":{"0":"post-800","1":"product","2":"type-product","3":"status-publish","4":"has-post-thumbnail","6":"product_cat-boutique","7":"thunk-woo-product-list","8":"opn-qv-enable","9":"big-store-woo-hover-zoom","10":"open-single-product-tab-horizontal","11":"open-shadow-","12":"open-shadow-hover-","14":"first","15":"instock","16":"taxable","17":"shipping-taxable","18":"purchasable","19":"product-type-simple"},"aioseo_notices":[],"_links":{"self":[{"href":"https:\/\/para-orchidee.com\/index.php?rest_route=\/wp\/v2\/product\/800","targetHints":{"allow":["GET"]}}],"collection":[{"href":"https:\/\/para-orchidee.com\/index.php?rest_route=\/wp\/v2\/product"}],"about":[{"href":"https:\/\/para-orchidee.com\/index.php?rest_route=\/wp\/v2\/types\/product"}],"replies":[{"embeddable":true,"href":"https:\/\/para-orchidee.com\/index.php?rest_route=%2Fwp%2Fv2%2Fcomments&post=800"}],"wp:featuredmedia":[{"embeddable":true,"href":"https:\/\/para-orchidee.com\/index.php?rest_route=\/wp\/v2\/media\/620"}],"wp:attachment":[{"href":"https:\/\/para-orchidee.com\/index.php?rest_route=%2Fwp%2Fv2%2Fmedia&parent=800"}],"wp:term":[{"taxonomy":"product_brand","embeddable":true,"href":"https:\/\/para-orchidee.com\/index.php?rest_route=%2Fwp%2Fv2%2Fproduct_brand&post=800"},{"taxonomy":"product_cat","embeddable":true,"href":"https:\/\/para-orchidee.com\/index.php?rest_route=%2Fwp%2Fv2%2Fproduct_cat&post=800"},{"taxonomy":"product_tag","embeddable":true,"href":"https:\/\/para-orchidee.com\/index.php?rest_route=%2Fwp%2Fv2%2Fproduct_tag&post=800"}],"curies":[{"name":"wp","href":"https:\/\/api.w.org\/{rel}","templated":true}]}}