{"id":813,"date":"2024-02-07T19:29:08","date_gmt":"2024-02-07T19:29:08","guid":{"rendered":"https:\/\/xn--Para-orchide-leb.com\/?post_type=product&#038;p=813"},"modified":"2024-02-21T14:01:01","modified_gmt":"2024-02-21T14:01:01","slug":"bioderma-photoderm-max-fluide-spf100-40ml-2","status":"publish","type":"product","link":"https:\/\/para-orchidee.com\/?product=bioderma-photoderm-max-fluide-spf100-40ml-2&lang=fr","title":{"rendered":"BIODERMA PHOTODERM MAX FLUIDE SPF100 40ML"},"content":{"rendered":"<p>Description :BIODERMA PHOTODERM MAX FLUIDE SPF100 40ML<\/p>\n<p>PHOTODERM MAX FLUIDE SPF100 40ML<\/p>\n<p>La cr\u00e8me solaire PHOTODERM FLUIDE pour peaux mixtes \u00e0 grasses qui stimule les syst\u00e8mes d&rsquo;autod\u00e9fense des peaux mixtes \u00e0 grasses est d\u00e9sormais disponible dans votre pharmacie en ligne C\u00f4t\u00e9 Para. .<\/p>\n<p>Indications de BIODERMA PHOTODERM MAX FLUIDE SPF100 40ML :<\/p>\n<p>En plus de l&rsquo;activit\u00e9 protectrice UVA\/UVB de surface (syst\u00e8mes filtrants), il offre une v\u00e9ritable protection biologique interne : Cellular Bioprotection\u2122.<\/p>\n<p>Ce brevet exclusif assure deux actions principales :<\/p>\n<p>La pr\u00e9servation et la stimulation des d\u00e9fenses (immunit\u00e9) de la peau contre le soleil. Protection biologique de l&rsquo;int\u00e9grit\u00e9 de la peau au niveau g\u00e9nomique, cellulaire et tissulaire.<\/p>\n<p>Trop de soleil est nocif pour la sant\u00e9 :<\/p>\n<p>destin\u00e9 aux peaux sensibles ou intol\u00e9rantes au soleil en priorit\u00e9 Pour les peaux tr\u00e8s claires ponctu\u00e9es de taches de rousseur certainement Les peaux expos\u00e9es \u00e0 un ensoleillement extr\u00eame (haute montagne, tropiques&#8230;) Convient aux peaux normales \u00e0 mixtes<\/p>\n","protected":false},"excerpt":{"rendered":"<p>Peaux sensibles ou intol\u00e9rantes au soleil<br \/>\nPeaux tr\u00e8s claires ponctu\u00e9es de taches de rousseur<br \/>\nPeaux soumises \u00e0 un ensoleillement extr\u00eame (haute montagne, tropiques\u2026)<\/p>\n","protected":false},"featured_media":606,"comment_status":"open","ping_status":"closed","template":"","meta":{"om_disable_all_campaigns":false,"_monsterinsights_skip_tracking":false,"_monsterinsights_sitenote_active":false,"_monsterinsights_sitenote_note":"","_monsterinsights_sitenote_category":0},"product_brand":[],"product_cat":[16,22],"product_tag":[],"class_list":{"0":"post-813","1":"product","2":"type-product","3":"status-publish","4":"has-post-thumbnail","6":"product_cat-boutique","7":"product_cat-soin-de-peau","8":"thunk-woo-product-list","9":"opn-qv-enable","10":"big-store-woo-hover-zoom","11":"open-single-product-tab-horizontal","12":"open-shadow-","13":"open-shadow-hover-","15":"first","16":"instock","17":"taxable","18":"shipping-taxable","19":"purchasable","20":"product-type-simple"},"aioseo_notices":[],"_links":{"self":[{"href":"https:\/\/para-orchidee.com\/index.php?rest_route=\/wp\/v2\/product\/813","targetHints":{"allow":["GET"]}}],"collection":[{"href":"https:\/\/para-orchidee.com\/index.php?rest_route=\/wp\/v2\/product"}],"about":[{"href":"https:\/\/para-orchidee.com\/index.php?rest_route=\/wp\/v2\/types\/product"}],"replies":[{"embeddable":true,"href":"https:\/\/para-orchidee.com\/index.php?rest_route=%2Fwp%2Fv2%2Fcomments&post=813"}],"wp:featuredmedia":[{"embeddable":true,"href":"https:\/\/para-orchidee.com\/index.php?rest_route=\/wp\/v2\/media\/606"}],"wp:attachment":[{"href":"https:\/\/para-orchidee.com\/index.php?rest_route=%2Fwp%2Fv2%2Fmedia&parent=813"}],"wp:term":[{"taxonomy":"product_brand","embeddable":true,"href":"https:\/\/para-orchidee.com\/index.php?rest_route=%2Fwp%2Fv2%2Fproduct_brand&post=813"},{"taxonomy":"product_cat","embeddable":true,"href":"https:\/\/para-orchidee.com\/index.php?rest_route=%2Fwp%2Fv2%2Fproduct_cat&post=813"},{"taxonomy":"product_tag","embeddable":true,"href":"https:\/\/para-orchidee.com\/index.php?rest_route=%2Fwp%2Fv2%2Fproduct_tag&post=813"}],"curies":[{"name":"wp","href":"https:\/\/api.w.org\/{rel}","templated":true}]}}