{"id":839,"date":"2024-02-17T11:30:14","date_gmt":"2024-02-17T11:30:14","guid":{"rendered":"https:\/\/xn--Para-orchide-leb.com\/?post_type=product&#038;p=839"},"modified":"2024-02-17T11:32:10","modified_gmt":"2024-02-17T11:32:10","slug":"microlife-bp-b2-basique-ihb","status":"publish","type":"product","link":"https:\/\/para-orchidee.com\/?product=microlife-bp-b2-basique-ihb&lang=fr","title":{"rendered":"MICROLIFE BP B2 Basique IHB"},"content":{"rendered":"<p>IBH D\u00e9tection des battements cardiaques irr\u00e9guliers, alertes pr\u00e9coces en cas d&rsquo;irr\u00e9gularit\u00e9 cardiaque possible.<\/p>\n","protected":false},"excerpt":{"rendered":"<p><strong>Tensiom\u00e8tre MICROLIFE BP B2 Basique IHB :<\/strong><\/p>\n<p>Technologie IHB pour la d\u00e9tection des battements cardiaques irr\u00e9guliers.<br \/>\nContr\u00f4le optimal de la vitesse et de la pression avec Gentle+.<br \/>\nManchette confortable pour la plupart des tailles de bras.<\/p>\n<p>Adaptateur \u00e0 l&rsquo;int\u00e9rieur.<\/p>\n","protected":false},"featured_media":838,"comment_status":"open","ping_status":"closed","template":"","meta":{"om_disable_all_campaigns":false,"_monsterinsights_skip_tracking":false,"_monsterinsights_sitenote_active":false,"_monsterinsights_sitenote_note":"","_monsterinsights_sitenote_category":0},"product_brand":[],"product_cat":[16],"product_tag":[],"class_list":{"0":"post-839","1":"product","2":"type-product","3":"status-publish","4":"has-post-thumbnail","6":"product_cat-boutique","7":"thunk-woo-product-list","8":"opn-qv-enable","9":"big-store-woo-hover-zoom","10":"open-single-product-tab-horizontal","11":"open-shadow-","12":"open-shadow-hover-","14":"first","15":"instock","16":"taxable","17":"shipping-taxable","18":"purchasable","19":"product-type-simple"},"aioseo_notices":[],"_links":{"self":[{"href":"https:\/\/para-orchidee.com\/index.php?rest_route=\/wp\/v2\/product\/839","targetHints":{"allow":["GET"]}}],"collection":[{"href":"https:\/\/para-orchidee.com\/index.php?rest_route=\/wp\/v2\/product"}],"about":[{"href":"https:\/\/para-orchidee.com\/index.php?rest_route=\/wp\/v2\/types\/product"}],"replies":[{"embeddable":true,"href":"https:\/\/para-orchidee.com\/index.php?rest_route=%2Fwp%2Fv2%2Fcomments&post=839"}],"wp:featuredmedia":[{"embeddable":true,"href":"https:\/\/para-orchidee.com\/index.php?rest_route=\/wp\/v2\/media\/838"}],"wp:attachment":[{"href":"https:\/\/para-orchidee.com\/index.php?rest_route=%2Fwp%2Fv2%2Fmedia&parent=839"}],"wp:term":[{"taxonomy":"product_brand","embeddable":true,"href":"https:\/\/para-orchidee.com\/index.php?rest_route=%2Fwp%2Fv2%2Fproduct_brand&post=839"},{"taxonomy":"product_cat","embeddable":true,"href":"https:\/\/para-orchidee.com\/index.php?rest_route=%2Fwp%2Fv2%2Fproduct_cat&post=839"},{"taxonomy":"product_tag","embeddable":true,"href":"https:\/\/para-orchidee.com\/index.php?rest_route=%2Fwp%2Fv2%2Fproduct_tag&post=839"}],"curies":[{"name":"wp","href":"https:\/\/api.w.org\/{rel}","templated":true}]}}