{"id":844,"date":"2024-02-17T11:49:55","date_gmt":"2024-02-17T11:49:55","guid":{"rendered":"https:\/\/xn--Para-orchide-leb.com\/?post_type=product&#038;p=844"},"modified":"2024-02-22T22:06:37","modified_gmt":"2024-02-22T22:06:37","slug":"microlife-bp-b2-basic-tensiometre-avec-chargeur","status":"publish","type":"product","link":"https:\/\/para-orchidee.com\/?product=microlife-bp-b2-basic-tensiometre-avec-chargeur&lang=fr","title":{"rendered":"Microlife BP B2 Basic tensiom\u00e8tre Avec chargeur"},"content":{"rendered":"<p><strong>Microlife<\/strong><br \/>\nTensiom\u00e8tre BP A2 BASIC avec Gentle + Technology<\/p>\n<p>Le tensiom\u00e8tre A2 Basic de Microlife est capable de mesurer pr\u00e9cis\u00e9ment et agr\u00e9ablement \u00e0 domicile la tension art\u00e9rielle \u00e0 votre bras. Ce tensiom\u00e8tre peut enregistrer jusqu&rsquo;\u00e0 30 valeurs et est dot\u00e9 de la technologie PAD pour un diagnostic pr\u00e9coce des arythmies cardiaques.<\/p>\n<p>Enregistrement jusqu&rsquo;\u00e0 30 mesures , Confortable et pr\u00e9cis<\/p>\n","protected":false},"excerpt":{"rendered":"<p><strong>Tensiom\u00e8tre BP A2 BASIC &#8211; Microlife<\/strong><br \/>\nLe tensiom\u00e8tre A2 Basic de Microlife est capable de mesurer pr\u00e9cis\u00e9ment et agr\u00e9ablement \u00e0 domicile la tension art\u00e9rielle \u00e0 votre bras. Ce tensiom\u00e8tre peut enregistrer jusqu&rsquo;\u00e0 30 valeurs et est dot\u00e9 de la technologie PAD pour un diagnostic pr\u00e9coce des arythmies cardiaques.<\/p>\n<p>Technologie PAD pour la d\u00e9tection des arythmies cardiaques. Brevet\u00e9e par MICROLIFE, cette technologie vous alerte sur la pr\u00e9sence des troubles du rythme cardiaque. Le symbole de l\u2019arythmie s\u2019affiche apr\u00e8s la mesure si un pouls irr\u00e9gulier a \u00e9t\u00e9 d\u00e9tect\u00e9.<\/p>\n<p>Technologie GENTLE + : il s\u2019agit d\u2019un syst\u00e8me int\u00e9gr\u00e9 de contr\u00f4le de la pression optimale \u00e0 l&rsquo;int\u00e9rieur du brassard, de fa\u00e7on \u00e0 limiter la constriction du bras et assurer le confort et l\u2019exactitude des mesures de la tension.<\/p>\n<p>Enregistre les valeurs des 30 derni\u00e8res mesure.<\/p>\n<p>Le brassard universel (22-42 cm) de forme conique \u00e9pouse parfaitement les contours du bras. Cette forme permet \u00e9galement d&rsquo;assurer l&rsquo;exactitude de la mesure et de la tension.<\/p>\n<p>Dispose d&rsquo;un indicateur de mouvement du bras qui garantit une prise de tension optimale.<\/p>\n","protected":false},"featured_media":843,"comment_status":"open","ping_status":"closed","template":"","meta":{"om_disable_all_campaigns":false,"_monsterinsights_skip_tracking":false,"_monsterinsights_sitenote_active":false,"_monsterinsights_sitenote_note":"","_monsterinsights_sitenote_category":0},"product_brand":[],"product_cat":[16],"product_tag":[],"class_list":{"0":"post-844","1":"product","2":"type-product","3":"status-publish","4":"has-post-thumbnail","6":"product_cat-boutique","7":"thunk-woo-product-list","8":"opn-qv-enable","9":"big-store-woo-hover-zoom","10":"open-single-product-tab-horizontal","11":"open-shadow-","12":"open-shadow-hover-","14":"first","15":"instock","16":"taxable","17":"shipping-taxable","18":"purchasable","19":"product-type-simple"},"aioseo_notices":[],"_links":{"self":[{"href":"https:\/\/para-orchidee.com\/index.php?rest_route=\/wp\/v2\/product\/844","targetHints":{"allow":["GET"]}}],"collection":[{"href":"https:\/\/para-orchidee.com\/index.php?rest_route=\/wp\/v2\/product"}],"about":[{"href":"https:\/\/para-orchidee.com\/index.php?rest_route=\/wp\/v2\/types\/product"}],"replies":[{"embeddable":true,"href":"https:\/\/para-orchidee.com\/index.php?rest_route=%2Fwp%2Fv2%2Fcomments&post=844"}],"wp:featuredmedia":[{"embeddable":true,"href":"https:\/\/para-orchidee.com\/index.php?rest_route=\/wp\/v2\/media\/843"}],"wp:attachment":[{"href":"https:\/\/para-orchidee.com\/index.php?rest_route=%2Fwp%2Fv2%2Fmedia&parent=844"}],"wp:term":[{"taxonomy":"product_brand","embeddable":true,"href":"https:\/\/para-orchidee.com\/index.php?rest_route=%2Fwp%2Fv2%2Fproduct_brand&post=844"},{"taxonomy":"product_cat","embeddable":true,"href":"https:\/\/para-orchidee.com\/index.php?rest_route=%2Fwp%2Fv2%2Fproduct_cat&post=844"},{"taxonomy":"product_tag","embeddable":true,"href":"https:\/\/para-orchidee.com\/index.php?rest_route=%2Fwp%2Fv2%2Fproduct_tag&post=844"}],"curies":[{"name":"wp","href":"https:\/\/api.w.org\/{rel}","templated":true}]}}