{"id":850,"date":"2024-02-17T12:00:10","date_gmt":"2024-02-17T12:00:10","guid":{"rendered":"https:\/\/xn--Para-orchide-leb.com\/?post_type=product&#038;p=850"},"modified":"2024-02-17T12:06:22","modified_gmt":"2024-02-17T12:06:22","slug":"tensiometre-numerique-automatique-35e-konfort-brassard-2","status":"publish","type":"product","link":"https:\/\/para-orchidee.com\/?product=tensiometre-numerique-automatique-35e-konfort-brassard-2&lang=fr","title":{"rendered":"Tensiom\u00e8tre num\u00e9rique automatique 35E KONFORT (Brassard)"},"content":{"rendered":"<p><span class=\"text-900\">Technologie de gonflage imm\u00e9diat pour une mesure confortable et rapide. Ce tensiom\u00e8tre propose les caract\u00e9ristiques suivantes:\u00a0<\/span><\/p>\n<ul>\n<li>DBI (D\u00e9tection des battements irr\u00e9guliers)<\/li>\n<li>Gonflage intelligent<\/li>\n<li>120 enregistrements<\/li>\n<li>Grand \u00e9cran LCD<\/li>\n<li>Arr\u00eat automatique<\/li>\n<\/ul>\n","protected":false},"excerpt":{"rendered":"<p>Technologie de gonflage imm\u00e9diat pour une mesure confortable et rapide. Ce tensiom\u00e8tre propose les caract\u00e9ristiques suivantes:\u00a0 DBI (D\u00e9tection des battements irr\u00e9guliers) Gonflage intelligent 120 enregistrements Grand \u00e9cran LCD Arr\u00eat automatique<\/p>\n","protected":false},"featured_media":935,"comment_status":"open","ping_status":"closed","template":"","meta":{"om_disable_all_campaigns":false,"_monsterinsights_skip_tracking":false,"_monsterinsights_sitenote_active":false,"_monsterinsights_sitenote_note":"","_monsterinsights_sitenote_category":0},"product_brand":[],"product_cat":[16],"product_tag":[],"class_list":{"0":"post-850","1":"product","2":"type-product","3":"status-publish","4":"has-post-thumbnail","6":"product_cat-boutique","7":"thunk-woo-product-list","8":"opn-qv-enable","9":"big-store-woo-hover-zoom","10":"open-single-product-tab-horizontal","11":"open-shadow-","12":"open-shadow-hover-","14":"first","15":"instock","16":"taxable","17":"shipping-taxable","18":"purchasable","19":"product-type-simple"},"aioseo_notices":[],"_links":{"self":[{"href":"https:\/\/para-orchidee.com\/index.php?rest_route=\/wp\/v2\/product\/850","targetHints":{"allow":["GET"]}}],"collection":[{"href":"https:\/\/para-orchidee.com\/index.php?rest_route=\/wp\/v2\/product"}],"about":[{"href":"https:\/\/para-orchidee.com\/index.php?rest_route=\/wp\/v2\/types\/product"}],"replies":[{"embeddable":true,"href":"https:\/\/para-orchidee.com\/index.php?rest_route=%2Fwp%2Fv2%2Fcomments&post=850"}],"wp:featuredmedia":[{"embeddable":true,"href":"https:\/\/para-orchidee.com\/index.php?rest_route=\/wp\/v2\/media\/935"}],"wp:attachment":[{"href":"https:\/\/para-orchidee.com\/index.php?rest_route=%2Fwp%2Fv2%2Fmedia&parent=850"}],"wp:term":[{"taxonomy":"product_brand","embeddable":true,"href":"https:\/\/para-orchidee.com\/index.php?rest_route=%2Fwp%2Fv2%2Fproduct_brand&post=850"},{"taxonomy":"product_cat","embeddable":true,"href":"https:\/\/para-orchidee.com\/index.php?rest_route=%2Fwp%2Fv2%2Fproduct_cat&post=850"},{"taxonomy":"product_tag","embeddable":true,"href":"https:\/\/para-orchidee.com\/index.php?rest_route=%2Fwp%2Fv2%2Fproduct_tag&post=850"}],"curies":[{"name":"wp","href":"https:\/\/api.w.org\/{rel}","templated":true}]}}