{"id":855,"date":"2024-02-17T12:15:38","date_gmt":"2024-02-17T12:15:38","guid":{"rendered":"https:\/\/xn--Para-orchide-leb.com\/?post_type=product&#038;p=855"},"modified":"2024-02-17T12:19:01","modified_gmt":"2024-02-17T12:19:01","slug":"tensiometre-omron-automatique-a-bras-m2-basic","status":"publish","type":"product","link":"https:\/\/para-orchidee.com\/?product=tensiometre-omron-automatique-a-bras-m2-basic&lang=fr","title":{"rendered":"Tensiom\u00e8tre Omron Automatique \u00c0 Bras M2 Basic"},"content":{"rendered":"<p>Tensiom\u00e8tre automatique avec brassard moyen 22 \u00e0 32 cm et fonction de m\u00e9morisation de la derni\u00e8re lecture.<br \/>\nMesure sans surgonflage inutile gr\u00e2ce \u00e0 la technologie Intellisense.<br \/>\nDeux indicateurs : Les mesures du M2 Basic OMRON indiquent si la pression art\u00e9rielle est sup\u00e9rieure au niveau recommand\u00e9 et d\u00e9tecte les battements de c\u0153ur irr\u00e9guliers.<br \/>\nCompatible avec le brassard OMRON Small Arm Cuff (17 \u00e0 22 cm) et Easy Cuff (22-42 cm).<br \/>\nArticles livr\u00e9s : 1 x tensiom\u00e8tre M2 Basic OMRON, brassard moyen (22 \u00e0 32 cm), 4 x piles AA et le mode d\u2019emploi.<\/p>\n","protected":false},"excerpt":{"rendered":"<p>Le tensiom\u00e8tre Omron M2 \u00e9lectronique \u00e0 bras est \u00e9quip\u00e9 de la technologie \u00ab\u00a0fonction intellisense\u00a0\u00bb : ce syst\u00e8me r\u00e9gule et adapte automatiquement la pression du gonflage pour une prise tr\u00e8s juste de tension confortable.<br \/>\nL&rsquo;Omron M2 est tr\u00e8s simple d&rsquo;utilisation, \u00e9quip\u00e9 d&rsquo;un unique bouton !, vous permettant de mesurer votre tension art\u00e9rielle et la fr\u00e9quence de votre pouls, facilement et rapidement, chez vous, quotidiennement ! Sur l&rsquo;\u00e9cran tr\u00e8s large lumineux sont affich\u00e9es, tr\u00e8s lisiblement, simultan\u00e9ment les valeurs : Diastole, Systole, Pouls.<br \/>\nCe tensiom\u00e8tre au bras Omron vous signale toute arythmie cardiaque ou hypertension \u00e9ventuelle. Ce tensiom\u00e8tre enti\u00e8rement electronique Omron M2 vous garantit pr\u00e9cision, rapidit\u00e9 et confort pour votre sant\u00e9 et votre bien-\u00eatre.<br \/>\n.Tensiom\u00e8tre : pour 1 utilisateur &#8211; M\u00e9moire : derni\u00e8re mesure. Ce tensiom\u00e8tre bras est aliment\u00e9 par 4 piles type AAA LR03 1,5 V<\/p>\n","protected":false},"featured_media":854,"comment_status":"open","ping_status":"closed","template":"","meta":{"om_disable_all_campaigns":false,"_monsterinsights_skip_tracking":false,"_monsterinsights_sitenote_active":false,"_monsterinsights_sitenote_note":"","_monsterinsights_sitenote_category":0},"product_brand":[],"product_cat":[16],"product_tag":[],"class_list":{"0":"post-855","1":"product","2":"type-product","3":"status-publish","4":"has-post-thumbnail","6":"product_cat-boutique","7":"thunk-woo-product-list","8":"opn-qv-enable","9":"big-store-woo-hover-zoom","10":"open-single-product-tab-horizontal","11":"open-shadow-","12":"open-shadow-hover-","14":"first","15":"instock","16":"taxable","17":"shipping-taxable","18":"purchasable","19":"product-type-simple"},"aioseo_notices":[],"_links":{"self":[{"href":"https:\/\/para-orchidee.com\/index.php?rest_route=\/wp\/v2\/product\/855","targetHints":{"allow":["GET"]}}],"collection":[{"href":"https:\/\/para-orchidee.com\/index.php?rest_route=\/wp\/v2\/product"}],"about":[{"href":"https:\/\/para-orchidee.com\/index.php?rest_route=\/wp\/v2\/types\/product"}],"replies":[{"embeddable":true,"href":"https:\/\/para-orchidee.com\/index.php?rest_route=%2Fwp%2Fv2%2Fcomments&post=855"}],"wp:featuredmedia":[{"embeddable":true,"href":"https:\/\/para-orchidee.com\/index.php?rest_route=\/wp\/v2\/media\/854"}],"wp:attachment":[{"href":"https:\/\/para-orchidee.com\/index.php?rest_route=%2Fwp%2Fv2%2Fmedia&parent=855"}],"wp:term":[{"taxonomy":"product_brand","embeddable":true,"href":"https:\/\/para-orchidee.com\/index.php?rest_route=%2Fwp%2Fv2%2Fproduct_brand&post=855"},{"taxonomy":"product_cat","embeddable":true,"href":"https:\/\/para-orchidee.com\/index.php?rest_route=%2Fwp%2Fv2%2Fproduct_cat&post=855"},{"taxonomy":"product_tag","embeddable":true,"href":"https:\/\/para-orchidee.com\/index.php?rest_route=%2Fwp%2Fv2%2Fproduct_tag&post=855"}],"curies":[{"name":"wp","href":"https:\/\/api.w.org\/{rel}","templated":true}]}}