{"id":864,"date":"2024-02-17T12:43:35","date_gmt":"2024-02-17T12:43:35","guid":{"rendered":"https:\/\/xn--Para-orchide-leb.com\/?post_type=product&#038;p=864"},"modified":"2024-02-17T12:44:42","modified_gmt":"2024-02-17T12:44:42","slug":"verifine-aiguille-pn-6mm-boite-de-100","status":"publish","type":"product","link":"https:\/\/para-orchidee.com\/?product=verifine-aiguille-pn-6mm-boite-de-100&lang=fr","title":{"rendered":"VERIFINE AIGUILLE PN 6MM BOITE DE 100"},"content":{"rendered":"<p><strong>Les aiguilles pour stylos \u00e0 insuline Verifine<\/strong> sont le produit de la plus haute qualit\u00e9 pour les diab\u00e9tiques.<\/p>\n<p>Gr\u00e2ce \u00e0 la technologie \u00e0 paroi mince (TWT), ils permettent un flux d\u2019insuline plus facile et plus rapide.<\/p>\n<p>Des parois \u00e0 trois couches soumises \u00e0 une couche interne en silicone \u00e9lectrolytique et recouvertes d\u2019une couche de silicone permettent une p\u00e9n\u00e9tration facile et presque indolore de la peau et une\u00a0injection d\u2019insuline.<\/p>\n<p>Les\u00a0aiguilles Verifine\u00a0sont un produit st\u00e9rile d\u00fb \u00e0 l\u2019irradiation \u00e0 l\u2019OE. Ils sont utilis\u00e9s pour un usage unique.<\/p>\n<p>Les\u00a0aiguilles pour stylo Verifine\u00a0conviennent \u00e0 toutes les hormones de stylo et de semelle couramment utilis\u00e9es.<\/p>\n<p>Ils peuvent \u00eatre utilis\u00e9s chez les enfants et principalement pour les adultes.<\/p>\n<p>Le filetage pr\u00e9cis de l\u2019aiguille facilite le vissage et le retrait de l\u2019aiguille du stylo \u00e0 insuline.<\/p>\n","protected":false},"excerpt":{"rendered":"<p>Aiguilles pour stylos \u00e0 insuline<\/p>\n","protected":false},"featured_media":875,"comment_status":"open","ping_status":"closed","template":"","meta":{"om_disable_all_campaigns":false,"_monsterinsights_skip_tracking":false,"_monsterinsights_sitenote_active":false,"_monsterinsights_sitenote_note":"","_monsterinsights_sitenote_category":0},"product_brand":[],"product_cat":[16],"product_tag":[],"class_list":{"0":"post-864","1":"product","2":"type-product","3":"status-publish","4":"has-post-thumbnail","6":"product_cat-boutique","7":"thunk-woo-product-list","8":"opn-qv-enable","9":"big-store-woo-hover-zoom","10":"open-single-product-tab-horizontal","11":"open-shadow-","12":"open-shadow-hover-","14":"first","15":"instock","16":"taxable","17":"shipping-taxable","18":"purchasable","19":"product-type-simple"},"aioseo_notices":[],"_links":{"self":[{"href":"https:\/\/para-orchidee.com\/index.php?rest_route=\/wp\/v2\/product\/864","targetHints":{"allow":["GET"]}}],"collection":[{"href":"https:\/\/para-orchidee.com\/index.php?rest_route=\/wp\/v2\/product"}],"about":[{"href":"https:\/\/para-orchidee.com\/index.php?rest_route=\/wp\/v2\/types\/product"}],"replies":[{"embeddable":true,"href":"https:\/\/para-orchidee.com\/index.php?rest_route=%2Fwp%2Fv2%2Fcomments&post=864"}],"wp:featuredmedia":[{"embeddable":true,"href":"https:\/\/para-orchidee.com\/index.php?rest_route=\/wp\/v2\/media\/875"}],"wp:attachment":[{"href":"https:\/\/para-orchidee.com\/index.php?rest_route=%2Fwp%2Fv2%2Fmedia&parent=864"}],"wp:term":[{"taxonomy":"product_brand","embeddable":true,"href":"https:\/\/para-orchidee.com\/index.php?rest_route=%2Fwp%2Fv2%2Fproduct_brand&post=864"},{"taxonomy":"product_cat","embeddable":true,"href":"https:\/\/para-orchidee.com\/index.php?rest_route=%2Fwp%2Fv2%2Fproduct_cat&post=864"},{"taxonomy":"product_tag","embeddable":true,"href":"https:\/\/para-orchidee.com\/index.php?rest_route=%2Fwp%2Fv2%2Fproduct_tag&post=864"}],"curies":[{"name":"wp","href":"https:\/\/api.w.org\/{rel}","templated":true}]}}