{"id":879,"date":"2024-02-18T23:03:01","date_gmt":"2024-02-18T23:03:01","guid":{"rendered":"https:\/\/xn--Para-orchide-leb.com\/?post_type=product&#038;p=879"},"modified":"2024-02-18T23:13:48","modified_gmt":"2024-02-18T23:13:48","slug":"notre-bebe-biberon-pour-bebe-240-ml","status":"publish","type":"product","link":"https:\/\/para-orchidee.com\/?product=notre-bebe-biberon-pour-bebe-240-ml&lang=fr","title":{"rendered":"Notre b\u00e9b\u00e9 Biberon pour b\u00e9b\u00e9 &#8211; 240 ml"},"content":{"rendered":"<p>Le large goulot du biberon facilite le remplissage et le nettoyage. T\u00e9tine large, imitant la forme du sein. Biberon Naturel en polypropyl\u00e8ne, 0% BPA, T\u00e9tine anti-colique.<\/p>\n","protected":false},"excerpt":{"rendered":"<p><strong>Produit Premium<\/strong><\/p>\n<p><img decoding=\"async\" class=\"alignnone wp-image-877\" src=\"http:\/\/xn--Para-orchide-leb.com\/wp-content\/uploads\/2024\/02\/LogoNotreBebe.jpg\" alt=\"\" width=\"204\" height=\"112\" srcset=\"https:\/\/para-orchidee.com\/wp-content\/uploads\/2024\/02\/LogoNotreBebe.jpg 337w, https:\/\/para-orchidee.com\/wp-content\/uploads\/2024\/02\/LogoNotreBebe-300x165.jpg 300w, https:\/\/para-orchidee.com\/wp-content\/uploads\/2024\/02\/LogoNotreBebe-48x26.jpg 48w\" sizes=\"(max-width: 204px) 100vw, 204px\" \/><\/p>\n","protected":false},"featured_media":878,"comment_status":"open","ping_status":"closed","template":"","meta":{"om_disable_all_campaigns":false,"_monsterinsights_skip_tracking":false,"_monsterinsights_sitenote_active":false,"_monsterinsights_sitenote_note":"","_monsterinsights_sitenote_category":0},"product_brand":[],"product_cat":[20,16],"product_tag":[],"class_list":{"0":"post-879","1":"product","2":"type-product","3":"status-publish","4":"has-post-thumbnail","6":"product_cat-bebe","7":"product_cat-boutique","8":"thunk-woo-product-list","9":"opn-qv-enable","10":"big-store-woo-hover-zoom","11":"open-single-product-tab-horizontal","12":"open-shadow-","13":"open-shadow-hover-","15":"first","16":"instock","17":"taxable","18":"shipping-taxable","19":"purchasable","20":"product-type-simple"},"aioseo_notices":[],"_links":{"self":[{"href":"https:\/\/para-orchidee.com\/index.php?rest_route=\/wp\/v2\/product\/879","targetHints":{"allow":["GET"]}}],"collection":[{"href":"https:\/\/para-orchidee.com\/index.php?rest_route=\/wp\/v2\/product"}],"about":[{"href":"https:\/\/para-orchidee.com\/index.php?rest_route=\/wp\/v2\/types\/product"}],"replies":[{"embeddable":true,"href":"https:\/\/para-orchidee.com\/index.php?rest_route=%2Fwp%2Fv2%2Fcomments&post=879"}],"wp:featuredmedia":[{"embeddable":true,"href":"https:\/\/para-orchidee.com\/index.php?rest_route=\/wp\/v2\/media\/878"}],"wp:attachment":[{"href":"https:\/\/para-orchidee.com\/index.php?rest_route=%2Fwp%2Fv2%2Fmedia&parent=879"}],"wp:term":[{"taxonomy":"product_brand","embeddable":true,"href":"https:\/\/para-orchidee.com\/index.php?rest_route=%2Fwp%2Fv2%2Fproduct_brand&post=879"},{"taxonomy":"product_cat","embeddable":true,"href":"https:\/\/para-orchidee.com\/index.php?rest_route=%2Fwp%2Fv2%2Fproduct_cat&post=879"},{"taxonomy":"product_tag","embeddable":true,"href":"https:\/\/para-orchidee.com\/index.php?rest_route=%2Fwp%2Fv2%2Fproduct_tag&post=879"}],"curies":[{"name":"wp","href":"https:\/\/api.w.org\/{rel}","templated":true}]}}