{"id":889,"date":"2024-02-18T23:44:09","date_gmt":"2024-02-18T23:44:09","guid":{"rendered":"https:\/\/xn--Para-orchide-leb.com\/?post_type=product&#038;p=889"},"modified":"2024-02-18T23:52:18","modified_gmt":"2024-02-18T23:52:18","slug":"889","status":"publish","type":"product","link":"https:\/\/para-orchidee.com\/?product=889&lang=fr","title":{"rendered":"CICABIAFINE BAUME HYDRATANT CORPS 200ML"},"content":{"rendered":"<p><strong>Cicabiafine baume corps hydratant 200ml<\/strong><br \/>\nLe Baume Hydratant Anti-Dess\u00e8chement pour peaux s\u00e8ches \u00e0 irrit\u00e9es :<\/p>\n<p>Soulage imm\u00e9diatement l&rsquo;inconfort des peaux tr\u00e8s s\u00e8ches \u00e0 irrit\u00e9es.<br \/>\nR\u00e9pare les peaux tr\u00e8s s\u00e8ches \u00e0 irrit\u00e9es en 5 min*.<br \/>\nProt\u00e8ge du dess\u00e8chement cutan\u00e9.<br \/>\nHydrate intens\u00e9ment la peau pendant 24 heures.<\/p>\n<p>Jour apr\u00e8s jour, la peau est plus douce et plus souple. Nourrie, elle retrouve tout son confort.<\/p>\n<p>Formule haute tol\u00e9rance, d\u00e9velopp\u00e9e sous contr\u00f4le m\u00e9dical et test\u00e9e cliniquement.<\/p>\n<p>Texture baume, sans effet gras, qui p\u00e9n\u00e8tre rapidement, parfum l\u00e9ger.<\/p>\n<p>&nbsp;<\/p>\n<p>*\u00e9tude clinique sur 40 volontaires<\/p>\n","protected":false},"excerpt":{"rendered":"<p>D\u00e9s 3 ans<\/p>\n","protected":false},"featured_media":886,"comment_status":"open","ping_status":"closed","template":"","meta":{"om_disable_all_campaigns":false,"_monsterinsights_skip_tracking":false,"_monsterinsights_sitenote_active":false,"_monsterinsights_sitenote_note":"","_monsterinsights_sitenote_category":0},"product_brand":[],"product_cat":[20,16,19],"product_tag":[],"class_list":{"0":"post-889","1":"product","2":"type-product","3":"status-publish","4":"has-post-thumbnail","6":"product_cat-bebe","7":"product_cat-boutique","8":"product_cat-corps","9":"thunk-woo-product-list","10":"opn-qv-enable","11":"big-store-woo-hover-zoom","12":"open-single-product-tab-horizontal","13":"open-shadow-","14":"open-shadow-hover-","16":"first","17":"instock","18":"taxable","19":"shipping-taxable","20":"purchasable","21":"product-type-simple"},"aioseo_notices":[],"_links":{"self":[{"href":"https:\/\/para-orchidee.com\/index.php?rest_route=\/wp\/v2\/product\/889","targetHints":{"allow":["GET"]}}],"collection":[{"href":"https:\/\/para-orchidee.com\/index.php?rest_route=\/wp\/v2\/product"}],"about":[{"href":"https:\/\/para-orchidee.com\/index.php?rest_route=\/wp\/v2\/types\/product"}],"replies":[{"embeddable":true,"href":"https:\/\/para-orchidee.com\/index.php?rest_route=%2Fwp%2Fv2%2Fcomments&post=889"}],"wp:featuredmedia":[{"embeddable":true,"href":"https:\/\/para-orchidee.com\/index.php?rest_route=\/wp\/v2\/media\/886"}],"wp:attachment":[{"href":"https:\/\/para-orchidee.com\/index.php?rest_route=%2Fwp%2Fv2%2Fmedia&parent=889"}],"wp:term":[{"taxonomy":"product_brand","embeddable":true,"href":"https:\/\/para-orchidee.com\/index.php?rest_route=%2Fwp%2Fv2%2Fproduct_brand&post=889"},{"taxonomy":"product_cat","embeddable":true,"href":"https:\/\/para-orchidee.com\/index.php?rest_route=%2Fwp%2Fv2%2Fproduct_cat&post=889"},{"taxonomy":"product_tag","embeddable":true,"href":"https:\/\/para-orchidee.com\/index.php?rest_route=%2Fwp%2Fv2%2Fproduct_tag&post=889"}],"curies":[{"name":"wp","href":"https:\/\/api.w.org\/{rel}","templated":true}]}}