{"id":895,"date":"2024-02-18T23:59:57","date_gmt":"2024-02-18T23:59:57","guid":{"rendered":"https:\/\/xn--Para-orchide-leb.com\/?post_type=product&#038;p=895"},"modified":"2024-02-19T00:06:52","modified_gmt":"2024-02-19T00:06:52","slug":"cicabiafine-creme-corps-anti-irritation-200ml","status":"publish","type":"product","link":"https:\/\/para-orchidee.com\/?product=cicabiafine-creme-corps-anti-irritation-200ml&lang=fr","title":{"rendered":"CICABIAFINE CR\u00c8ME CORPS ANTI-IRRITATION 200ML"},"content":{"rendered":"<p><strong>CONSEIL D&rsquo;UTILISATION<\/strong><\/p>\n<p>D\u00e9velopp\u00e9 pour les peaux extra-s\u00e8ches avec sensations de d\u00e9mangeaisons et irritations ou pour les peaux \u00e0 tendance atopique:<\/p>\n<p>Convient \u00e0 toute la famille: nourrissons (d\u00e8s 6 mois), enfants, adultes.<\/p>\n<p>Appliquer 2 fois par jour, de pr\u00e9f\u00e9rence apr\u00e8s la toilette avec la Cr\u00e8me de Douche Hydratante Anti-Irritations CicaBiafine\u00ae sur une peau pr\u00e9alablement s\u00e9ch\u00e9e.<\/p>\n","protected":false},"excerpt":{"rendered":"<p>La cr\u00e8me r\u00e9paratrice pour les peaux extra-s\u00e8ches ou \u00e0 tendance atopique. Enrichi en glyc\u00e9rine et en huiles v\u00e9g\u00e9tales.<\/p>\n<p>Hydrate et r\u00e9pare intens\u00e9ment la peau.<br \/>\nSoulage les sensations de d\u00e9mangeaisons et d&rsquo;irritation d\u00e8s la premi\u00e8re application.<br \/>\nP\u00e9n\u00e8tre rapidement, texture cr\u00e9meuse qui ne colle pas.<br \/>\nD\u00e9velopp\u00e9 sous contr\u00f4le m\u00e9dical et test\u00e9 cliniquement.<\/p>\n","protected":false},"featured_media":894,"comment_status":"open","ping_status":"closed","template":"","meta":{"om_disable_all_campaigns":false,"_monsterinsights_skip_tracking":false,"_monsterinsights_sitenote_active":false,"_monsterinsights_sitenote_note":"","_monsterinsights_sitenote_category":0},"product_brand":[],"product_cat":[20,16,19],"product_tag":[],"class_list":{"0":"post-895","1":"product","2":"type-product","3":"status-publish","4":"has-post-thumbnail","6":"product_cat-bebe","7":"product_cat-boutique","8":"product_cat-corps","9":"thunk-woo-product-list","10":"opn-qv-enable","11":"big-store-woo-hover-zoom","12":"open-single-product-tab-horizontal","13":"open-shadow-","14":"open-shadow-hover-","16":"first","17":"instock","18":"taxable","19":"shipping-taxable","20":"purchasable","21":"product-type-simple"},"aioseo_notices":[],"_links":{"self":[{"href":"https:\/\/para-orchidee.com\/index.php?rest_route=\/wp\/v2\/product\/895","targetHints":{"allow":["GET"]}}],"collection":[{"href":"https:\/\/para-orchidee.com\/index.php?rest_route=\/wp\/v2\/product"}],"about":[{"href":"https:\/\/para-orchidee.com\/index.php?rest_route=\/wp\/v2\/types\/product"}],"replies":[{"embeddable":true,"href":"https:\/\/para-orchidee.com\/index.php?rest_route=%2Fwp%2Fv2%2Fcomments&post=895"}],"wp:featuredmedia":[{"embeddable":true,"href":"https:\/\/para-orchidee.com\/index.php?rest_route=\/wp\/v2\/media\/894"}],"wp:attachment":[{"href":"https:\/\/para-orchidee.com\/index.php?rest_route=%2Fwp%2Fv2%2Fmedia&parent=895"}],"wp:term":[{"taxonomy":"product_brand","embeddable":true,"href":"https:\/\/para-orchidee.com\/index.php?rest_route=%2Fwp%2Fv2%2Fproduct_brand&post=895"},{"taxonomy":"product_cat","embeddable":true,"href":"https:\/\/para-orchidee.com\/index.php?rest_route=%2Fwp%2Fv2%2Fproduct_cat&post=895"},{"taxonomy":"product_tag","embeddable":true,"href":"https:\/\/para-orchidee.com\/index.php?rest_route=%2Fwp%2Fv2%2Fproduct_tag&post=895"}],"curies":[{"name":"wp","href":"https:\/\/api.w.org\/{rel}","templated":true}]}}