{"id":914,"date":"2024-02-20T13:46:02","date_gmt":"2024-02-20T13:46:02","guid":{"rendered":"https:\/\/xn--Para-orchide-leb.com\/?post_type=product&#038;p=914"},"modified":"2024-02-22T23:48:57","modified_gmt":"2024-02-22T23:48:57","slug":"accu-check-active-2","status":"publish","type":"product","link":"https:\/\/para-orchidee.com\/?product=accu-check-active-2&lang=fr","title":{"rendered":"ACCU-CHECK ACTIVE"},"content":{"rendered":"<p>ACCU-CHEK\u00a0:<\/p>\n<p>Est une marque de Roche Diabetes Care, num\u00e9ro 1 mondial de l&rsquo;autosurveillance de la glyc\u00e9mie et figure parmi les leaders des syst\u00e8mes et services de gestion du diab\u00e8te. Depuis 40 ans, la marque Accu-Chek propose aux patients et aux professionnels de sant\u00e9 des produits innovants pour une gestion pratique et efficace du diab\u00e8te. Il comprend des glucom\u00e8tres et des pompes \u00e0 insuline.<\/p>\n<p>Accu-Chek Active se caract\u00e9rise par :<\/p>\n<p>Plus de s\u00e9curit\u00e9, Bande d&rsquo;alerte d&rsquo;expiration pour garantir des r\u00e9sultats fiables,<br \/>\nPlus d&rsquo;outils de gestion du diab\u00e8te, possibilit\u00e9 de noter les tests et moyennes pr\u00e9prandiaux et postprandiaux pour mieux comprendre l&rsquo;effet des aliments sur la glyc\u00e9mie,<br \/>\nM\u00e9moire plus grande, 350 r\u00e9sultats avec date et heure,<br \/>\nPlus de moyennes des r\u00e9sultats, les moyennes sur 7, 14 et 30 jours vous aident \u00e0 suivre les tendances de votre taux de glucose,<\/p>\n","protected":false},"excerpt":{"rendered":"<p>Le lecteur de glyc\u00e9mie Accu-Chek Active est un plus pour votre sant\u00e9!<\/p>\n","protected":false},"featured_media":936,"comment_status":"open","ping_status":"closed","template":"","meta":{"om_disable_all_campaigns":false,"_monsterinsights_skip_tracking":false,"_monsterinsights_sitenote_active":false,"_monsterinsights_sitenote_note":"","_monsterinsights_sitenote_category":0},"product_brand":[],"product_cat":[16],"product_tag":[],"class_list":{"0":"post-914","1":"product","2":"type-product","3":"status-publish","4":"has-post-thumbnail","6":"product_cat-boutique","7":"thunk-woo-product-list","8":"opn-qv-enable","9":"big-store-woo-hover-zoom","10":"open-single-product-tab-horizontal","11":"open-shadow-","12":"open-shadow-hover-","14":"first","15":"instock","16":"taxable","17":"shipping-taxable","18":"purchasable","19":"product-type-simple"},"aioseo_notices":[],"_links":{"self":[{"href":"https:\/\/para-orchidee.com\/index.php?rest_route=\/wp\/v2\/product\/914","targetHints":{"allow":["GET"]}}],"collection":[{"href":"https:\/\/para-orchidee.com\/index.php?rest_route=\/wp\/v2\/product"}],"about":[{"href":"https:\/\/para-orchidee.com\/index.php?rest_route=\/wp\/v2\/types\/product"}],"replies":[{"embeddable":true,"href":"https:\/\/para-orchidee.com\/index.php?rest_route=%2Fwp%2Fv2%2Fcomments&post=914"}],"wp:featuredmedia":[{"embeddable":true,"href":"https:\/\/para-orchidee.com\/index.php?rest_route=\/wp\/v2\/media\/936"}],"wp:attachment":[{"href":"https:\/\/para-orchidee.com\/index.php?rest_route=%2Fwp%2Fv2%2Fmedia&parent=914"}],"wp:term":[{"taxonomy":"product_brand","embeddable":true,"href":"https:\/\/para-orchidee.com\/index.php?rest_route=%2Fwp%2Fv2%2Fproduct_brand&post=914"},{"taxonomy":"product_cat","embeddable":true,"href":"https:\/\/para-orchidee.com\/index.php?rest_route=%2Fwp%2Fv2%2Fproduct_cat&post=914"},{"taxonomy":"product_tag","embeddable":true,"href":"https:\/\/para-orchidee.com\/index.php?rest_route=%2Fwp%2Fv2%2Fproduct_tag&post=914"}],"curies":[{"name":"wp","href":"https:\/\/api.w.org\/{rel}","templated":true}]}}