{"id":920,"date":"2024-02-20T14:05:18","date_gmt":"2024-02-20T14:05:18","guid":{"rendered":"https:\/\/xn--Para-orchide-leb.com\/?post_type=product&#038;p=920"},"modified":"2024-02-20T14:10:07","modified_gmt":"2024-02-20T14:10:07","slug":"920","status":"publish","type":"product","link":"https:\/\/para-orchidee.com\/?product=920&lang=fr","title":{"rendered":"Contour Plus lecteur de glyc\u00e9mie"},"content":{"rendered":"<p>Le Lecteur de Glyc\u00e9mie Contour Plus est destin\u00e9 aux personnes diab\u00e9tiques qui souhaitent contr\u00f4ler leur glyc\u00e9mie chez eux.<\/p>\n<p>Ce syst\u00e8me de surveillance d&rsquo;autosurveillance glyc\u00e9mique fonctionne avec les bandelettes Contour Plus.<\/p>\n<p>Un kit de lecture de glyc\u00e9mie contient :<br \/>\n&#8211; 1 lecteur de glyc\u00e9mie Contour Plus<br \/>\n&#8211; 10 bandelettes r\u00e9actives Contour Plus<br \/>\n&#8211; 1 manuel d&rsquo;utilisation et 1 manuel d&rsquo;utilisation simplifi\u00e9<br \/>\n&#8211; 1 autopiqueur<br \/>\n&#8211; 1 embase pour test sur site alternatif<br \/>\n&#8211; 10 lancettes color\u00e9es<br \/>\n&#8211; 1 carnet de suivi et 1 housse de transport<br \/>\n&#8211; 1 carte de garantie<\/p>\n<p>Les plus du produit :<br \/>\n&#8211; Haute pr\u00e9cision<br \/>\n&#8211; Facile \u00e0 utiliser<br \/>\n&#8211; Ne n\u00e9cessite qu&rsquo;un petit \u00e9chantillon de sang<\/p>\n<p>Conseils d&rsquo;utilisation<br \/>\nVous trouverez tous les conseils d&rsquo;utilisation du Lecteur de Glyc\u00e9mie Contour Plus dans le manuel d&rsquo;utilisation et le manuel d&rsquo;utilisation simplifi\u00e9 compris dans le kit.<\/p>\n","protected":false},"excerpt":{"rendered":"<p>Le lecteur Contour Plus vous permet de contr\u00f4ler votre glyc\u00e9mie \u00e0 la maison.<br \/>\nUne bo\u00eete contient 1 kit de lecture de la glyc\u00e9mie.<\/p>\n","protected":false},"featured_media":918,"comment_status":"open","ping_status":"closed","template":"","meta":{"om_disable_all_campaigns":false,"_monsterinsights_skip_tracking":false,"_monsterinsights_sitenote_active":false,"_monsterinsights_sitenote_note":"","_monsterinsights_sitenote_category":0},"product_brand":[],"product_cat":[16],"product_tag":[],"class_list":{"0":"post-920","1":"product","2":"type-product","3":"status-publish","4":"has-post-thumbnail","6":"product_cat-boutique","7":"thunk-woo-product-list","8":"opn-qv-enable","9":"big-store-woo-hover-zoom","10":"open-single-product-tab-horizontal","11":"open-shadow-","12":"open-shadow-hover-","14":"first","15":"instock","16":"taxable","17":"shipping-taxable","18":"purchasable","19":"product-type-simple"},"aioseo_notices":[],"_links":{"self":[{"href":"https:\/\/para-orchidee.com\/index.php?rest_route=\/wp\/v2\/product\/920","targetHints":{"allow":["GET"]}}],"collection":[{"href":"https:\/\/para-orchidee.com\/index.php?rest_route=\/wp\/v2\/product"}],"about":[{"href":"https:\/\/para-orchidee.com\/index.php?rest_route=\/wp\/v2\/types\/product"}],"replies":[{"embeddable":true,"href":"https:\/\/para-orchidee.com\/index.php?rest_route=%2Fwp%2Fv2%2Fcomments&post=920"}],"wp:featuredmedia":[{"embeddable":true,"href":"https:\/\/para-orchidee.com\/index.php?rest_route=\/wp\/v2\/media\/918"}],"wp:attachment":[{"href":"https:\/\/para-orchidee.com\/index.php?rest_route=%2Fwp%2Fv2%2Fmedia&parent=920"}],"wp:term":[{"taxonomy":"product_brand","embeddable":true,"href":"https:\/\/para-orchidee.com\/index.php?rest_route=%2Fwp%2Fv2%2Fproduct_brand&post=920"},{"taxonomy":"product_cat","embeddable":true,"href":"https:\/\/para-orchidee.com\/index.php?rest_route=%2Fwp%2Fv2%2Fproduct_cat&post=920"},{"taxonomy":"product_tag","embeddable":true,"href":"https:\/\/para-orchidee.com\/index.php?rest_route=%2Fwp%2Fv2%2Fproduct_tag&post=920"}],"curies":[{"name":"wp","href":"https:\/\/api.w.org\/{rel}","templated":true}]}}