{"id":925,"date":"2024-02-20T14:29:50","date_gmt":"2024-02-20T14:29:50","guid":{"rendered":"https:\/\/xn--Para-orchide-leb.com\/?post_type=product&#038;p=925"},"modified":"2024-02-20T14:33:12","modified_gmt":"2024-02-20T14:33:12","slug":"kit-de-soins-pour-bebe","status":"publish","type":"product","link":"https:\/\/para-orchidee.com\/?product=kit-de-soins-pour-bebe&lang=fr","title":{"rendered":"KIT DE SOINS POUR B\u00c9B\u00c9"},"content":{"rendered":"<p>Description du produit<\/p>\n<p>Le kit de toilettage comprend 6 articles qui aident \u00e0 prendre soin de votre tout-petit. Le kit est si pratique et compact \u00e0 emporter partout o\u00f9 vous allez. Parfait pour les b\u00e9b\u00e9s afin de les garder soign\u00e9s tout le temps. Les articles de toilettage sont confortables \u00e0 utiliser et ne blessent pas votre enfant<\/p>\n","protected":false},"excerpt":{"rendered":"<p>Description du produit Le kit de toilettage comprend 6 articles qui aident \u00e0 prendre soin de votre tout-petit. Le kit est si pratique et compact \u00e0 emporter partout o\u00f9 vous allez. Parfait pour les b\u00e9b\u00e9s afin de les garder soign\u00e9s tout le temps. Les articles de toilettage sont confortables \u00e0 utiliser et ne blessent pas &hellip;<\/p>\n<p class=\"read-more\"> <a class=\" thunk-readmore button \" href=\"https:\/\/para-orchidee.com\/?product=kit-de-soins-pour-bebe&#038;lang=fr\"> <span class=\"screen-reader-text\">KIT DE SOINS POUR B\u00c9B\u00c9<\/span>Read More<\/a><\/p>\n","protected":false},"featured_media":924,"comment_status":"open","ping_status":"closed","template":"","meta":{"om_disable_all_campaigns":false,"_monsterinsights_skip_tracking":false,"_monsterinsights_sitenote_active":false,"_monsterinsights_sitenote_note":"","_monsterinsights_sitenote_category":0},"product_brand":[],"product_cat":[20,16],"product_tag":[],"class_list":{"0":"post-925","1":"product","2":"type-product","3":"status-publish","4":"has-post-thumbnail","6":"product_cat-bebe","7":"product_cat-boutique","8":"thunk-woo-product-list","9":"opn-qv-enable","10":"big-store-woo-hover-zoom","11":"open-single-product-tab-horizontal","12":"open-shadow-","13":"open-shadow-hover-","15":"first","16":"instock","17":"taxable","18":"shipping-taxable","19":"purchasable","20":"product-type-simple"},"aioseo_notices":[],"_links":{"self":[{"href":"https:\/\/para-orchidee.com\/index.php?rest_route=\/wp\/v2\/product\/925","targetHints":{"allow":["GET"]}}],"collection":[{"href":"https:\/\/para-orchidee.com\/index.php?rest_route=\/wp\/v2\/product"}],"about":[{"href":"https:\/\/para-orchidee.com\/index.php?rest_route=\/wp\/v2\/types\/product"}],"replies":[{"embeddable":true,"href":"https:\/\/para-orchidee.com\/index.php?rest_route=%2Fwp%2Fv2%2Fcomments&post=925"}],"wp:featuredmedia":[{"embeddable":true,"href":"https:\/\/para-orchidee.com\/index.php?rest_route=\/wp\/v2\/media\/924"}],"wp:attachment":[{"href":"https:\/\/para-orchidee.com\/index.php?rest_route=%2Fwp%2Fv2%2Fmedia&parent=925"}],"wp:term":[{"taxonomy":"product_brand","embeddable":true,"href":"https:\/\/para-orchidee.com\/index.php?rest_route=%2Fwp%2Fv2%2Fproduct_brand&post=925"},{"taxonomy":"product_cat","embeddable":true,"href":"https:\/\/para-orchidee.com\/index.php?rest_route=%2Fwp%2Fv2%2Fproduct_cat&post=925"},{"taxonomy":"product_tag","embeddable":true,"href":"https:\/\/para-orchidee.com\/index.php?rest_route=%2Fwp%2Fv2%2Fproduct_tag&post=925"}],"curies":[{"name":"wp","href":"https:\/\/api.w.org\/{rel}","templated":true}]}}